{"id":242,"date":"2020-12-16T08:56:57","date_gmt":"2020-12-16T08:56:57","guid":{"rendered":"https:\/\/blogtest.calu.de\/blog\/?page_id=242"},"modified":"2022-01-24T07:58:53","modified_gmt":"2022-01-24T07:58:53","slug":"impressum","status":"publish","type":"page","link":"https:\/\/www.calu.de\/blog\/impressum\/","title":{"rendered":"Impressum"},"content":{"rendered":"\n<p class=\"has-medium-font-size\"><strong>Diensteanbieter gem\u00e4\u00df \u00a7 5 des Telemediengesetzes<\/strong><br><strong>CALU.<\/strong> ist eine Marke der GEFRO GmbH &amp; Co. KG<\/p>\n\n\n\n<p>Vertretungsberechtigt: GEFRO Service GmbH Rudolf-Diesel-Stra\u00dfe 21, 87700 Memmingen Amtsgericht Memmingen HRB 17544 &#8211; vertreten durch Gesch\u00e4ftsf\u00fchrer Thilo Frommlet und Hans Sch\u00f6nberger<\/p>\n\n\n\n<p><strong>Anschrift &amp; Kontakt:<\/strong><\/p>\n\n\n\n<p>GEFRO GmbH &amp; Co. KG<br>Rudolf-Diesel-Str. 21<br>87700 Memmingen \/ Allg\u00e4u<\/p>\n\n\n\n<p>Telefon: 0 83 31 \/ 95 95 0<br>Telefax: 0 83 31 \/ 95 95 17<br>E-Mail: info@gefro.de<br>Servicezeiten:<br>Montag &#8211; Freitag: 8 bis 18 Uhr<br>Samstag: 9 &#8211; 12 Uhr<br>Internet: www.calu.de<\/p>\n\n\n\n<p><strong>Handelsregister:<\/strong><br>Eintragung im Handelsregister.<br>Registergericht: Amtsgericht Memmingen<br>Registernummer: HRA 10511<\/p>\n\n\n\n<p><strong>Umsatzsteuer-Identifikationsnummer :<\/strong><br>DE 212837643<\/p>\n\n\n\n<p><strong>Bankverbindung:<\/strong><br>Commerzbank Memmingen<br>BIC: COBADEFF731<br>IBAN: DE40 7314 0046 0734 0110 00<\/p>\n\n\n\n<p><strong>Verantwortlicher gem\u00e4\u00df \u00a7 18 Abs. 2 des Medienstaatsvertrages:<\/strong><br>Thilo Frommlet <br>c\/o GEFRO Service GmbH <br>Rudolf-Diesel-Stra\u00dfe 21 <br>87700Memmingen<\/p>\n\n\n\n<p>Streitbeilegung Die Europ\u00e4ische Kommission stellt eine Plattform zur Online-Streitbeilegung bereit, die Sie unter der Internetadresse https:\/\/ec.europa.eu\/consumers\/odr\/ finden. <br><br><strong>Geltung f\u00fcr Social-Media-Pr\u00e4senzen<\/strong><br>Dieses Impressum gilt auch f\u00fcr folgende Social-Media-Pr\u00e4senzen: <strong>Facebook:<\/strong> <a href=\"https:\/\/www.facebook.com\/Calu.KosmetikGermany\/\" target=\"_blank\" rel=\"noreferrer noopener\">https:\/\/www.facebook.com\/Calu.KosmetikGermany\/ <\/a><strong>Instagram:<\/strong><a href=\" https:\/\/www.instagram.com\/calu.kosmetik\/?hl=de \"> https:\/\/www.instagram.com\/calu.kosmetik\/?hl=de <\/a><br><strong>Youtube: <\/strong><a href=\"https:\/\/www.youtube.com\/channel\/UCbg3iwnGqFHLWPDmX3Zi8-g\/featured\" target=\"_blank\" rel=\"noreferrer noopener\">https:\/\/www.youtube.com\/channel\/UCbg3iwnGqFHLWPDmX3Zi8-g\/featured<\/a><\/p>\n\n\n\n<p><strong>Layout\/Artwork <\/strong><br>Krempel &amp; Co. Werbeagentur GmbH, Inhouse Agentur<\/p>\n\n\n\n<p><strong>Abbildungen <\/strong><br>GEFRO GmbH &amp; Co. KG, Krempel &amp; Co. Werbeagentur GmbH, Clipdealer GmbH, iStockphoto LP, Adobe Stock, Shutterstock, Envato Elements, privat<\/p>\n\n\n\n<h2 class=\"wp-block-heading\">Haben Sie noch Fragen?<\/h2>\n\n\n\n<p>Rufen Sie uns an:<\/p>\n\n\n\n<p>Telefon: 0 83 31 \/ 95 95 600<br>Telefax: 0 83 31 \/ 95 95 680<\/p>\n","protected":false},"excerpt":{"rendered":"<p>Diensteanbieter gem\u00e4\u00df \u00a7 5 des TelemediengesetzesCALU. ist eine Marke der GEFRO GmbH &amp; Co. KG Vertretungsberechtigt: GEFRO Service GmbH Rudolf-Diesel-Stra\u00dfe 21, 87700 Memmingen Amtsgericht Memmingen HRB 17544 &#8211; vertreten durch Gesch\u00e4ftsf\u00fchrer Thilo Frommlet und Hans Sch\u00f6nberger Anschrift &amp; Kontakt: GEFRO GmbH &amp; Co. KGRudolf-Diesel-Str. 2187700 Memmingen \/ Allg\u00e4u Telefon: 0 83 31 \/ 95 95&hellip;<\/p>\n","protected":false},"author":3,"featured_media":0,"parent":0,"menu_order":0,"comment_status":"closed","ping_status":"closed","template":"","meta":{"footnotes":""},"class_list":["post-242","page","type-page","status-publish","hentry"],"_links":{"self":[{"href":"https:\/\/www.calu.de\/blog\/wp-json\/wp\/v2\/pages\/242","targetHints":{"allow":["GET"]}}],"collection":[{"href":"https:\/\/www.calu.de\/blog\/wp-json\/wp\/v2\/pages"}],"about":[{"href":"https:\/\/www.calu.de\/blog\/wp-json\/wp\/v2\/types\/page"}],"author":[{"embeddable":true,"href":"https:\/\/www.calu.de\/blog\/wp-json\/wp\/v2\/users\/3"}],"replies":[{"embeddable":true,"href":"https:\/\/www.calu.de\/blog\/wp-json\/wp\/v2\/comments?post=242"}],"version-history":[{"count":7,"href":"https:\/\/www.calu.de\/blog\/wp-json\/wp\/v2\/pages\/242\/revisions"}],"predecessor-version":[{"id":2361,"href":"https:\/\/www.calu.de\/blog\/wp-json\/wp\/v2\/pages\/242\/revisions\/2361"}],"wp:attachment":[{"href":"https:\/\/www.calu.de\/blog\/wp-json\/wp\/v2\/media?parent=242"}],"curies":[{"name":"wp","href":"https:\/\/api.w.org\/{rel}","templated":true}]}}