{"id":190,"date":"2020-11-19T12:53:14","date_gmt":"2020-11-19T12:53:14","guid":{"rendered":"https:\/\/blogtest.calu.de\/blog\/?page_id=190"},"modified":"2021-03-29T11:12:38","modified_gmt":"2021-03-29T11:12:38","slug":"blogregeln-fuer-den-calu-blog","status":"publish","type":"page","link":"https:\/\/www.calu.de\/blog\/blogregeln-fuer-den-calu-blog\/","title":{"rendered":"Blogregeln"},"content":{"rendered":"\n<p>Auf diesem Blog wollen wir mit Ihnen in direkten Kontakt treten. Darum freuen wir uns, wenn Sie rege an unseren Diskussionen teilnehmen und uns Ihre Meinung zu den verschiedenen Themen mitteilen. Wir w\u00fcnschen uns ein angenehmes Miteinander, bei dem sich alle mit Respekt begegnen. Darum m\u00f6chten wir Sie bitten, folgende Blogregeln zu beachten.<\/p>\n\n\n\n<p><strong>1. Moderation und Freigabe von Kommentaren<\/strong><\/p>\n\n\n\n<p>a) Kommentare zu Blogbeitr\u00e4gen werden erst nach einer&nbsp;Vorabpr\u00fcfung freigegeben und online gestellt.<\/p>\n\n\n\n<p>b) Einmal abgegebene Kommentare k\u00f6nnen aus technischen Gr\u00fcnden von den Nutzern nicht mehr selbstst\u00e4ndig gel\u00f6scht werden. Wir bitten Sie darum, ihren Kommentar vor dem Abschicken kurz dahingehend zu \u00fcberpr\u00fcfen, ob dieser ggf. gegen die Blogregeln verst\u00f6\u00dft. Sollten Sie einen eigenen, bereits abgegebenen Kommentar l\u00f6schen wollen, wenden Sie sich bitte per Email an uns: blog@calu.de<\/p>\n\n\n\n<p>c) Dieser Blog wird von uns moderiert. Wir k\u00f6nnen allerdings \u2013 trotz sorgf\u00e4ltiger und gewissenhafter Moderation \u2013 nicht eine permanent, ununterbrochene Kontrolle von abgegebenen Kommentaren und Diskussionsbeitr\u00e4gen gew\u00e4hrleisten.<\/p>\n\n\n\n<p><strong>2. Netiquette<\/strong><\/p>\n\n\n\n<p>a) Behandeln Sie andere Nutzer so, wie Sie selbst gerne behandelt werden m\u00f6chten.<\/p>\n\n\n\n<p>b) Respektieren Sie die Meinung anderer Nutzer, auch wenn sie von Ihrer abweicht.<\/p>\n\n\n\n<p>c) Teilen Sie uns gerne Ihre Meinung mit, aber machen Sie es deutlich, wenn Sie Hypothesen oder Mutma\u00dfungen aufstellen.<\/p>\n\n\n\n<p>d) Bitte setzen Sie Witz und Ironie mit Bedacht ein. Bedenken Sie dabei bitte, dass andere Leser nur Ihre geschriebenen Worte lesen und eine ironische Bemerkung oder auch einen Witz falsch verstanden werden k\u00f6nnte.<\/p>\n\n\n\n<p>e) Stellen Sie sicher, dass Sie bei Ihren Beitr\u00e4gen keine Urheberrechtsverletzungen begehen. Jeder Nutzer ist f\u00fcr seinen Beitrag selbst verantwortlich.<\/p>\n\n\n\n<p>f) Bitte schreiben Sie keine Kommentare zu Themen, die nichts mit dem jeweiligen Beitrag oder mit unserem Unternehmen zu tun haben (sog. Off-Topic). Sollten Sie allgemeine Fragen zu unserem Unternehmen, einer Bestellung aus unserem Online-Shop oder zu den von uns angebotenen Produkten haben, wenden Sie sich bitte per Email an info@calu.de oder per Telefon an unsere Service-Hotline: 08331 \/ 95 95 600; Montag \u2013 Freitag 8 \u2013 18 Uhr, samstags 9 \u2013 12 Uhr<\/p>\n\n\n\n<p><strong>3. Datenschutz<\/strong><\/p>\n\n\n\n<p>a) Datenschutz ist wichtig f\u00fcr uns. Wenn Sie einen Kommentar schreiben m\u00f6chten, bitten wir Sie um einen Namen sowie Ihre g\u00fcltige E-Mail-Adresse. Das Namensfeld kann auch mit einem sogenannten \u201cNickname\u201d gef\u00fcllt werden (nicht erlaubt sind Marken + Keywords im Namensfeld). Wir versichern Ihnen selbstverst\u00e4ndlich, dass die E-Mail-Adressen oder andere Daten unserer Besucher und Kommentatoren nicht ver\u00f6ffentlicht oder an Dritte weitergereicht werden. N\u00e4heres hierzu finden Sie auch in unserer Datenschutzerkl\u00e4rung.<\/p>\n\n\n\n<p>b) Bitte achten Sie auf Ihre Privatsph\u00e4re und ver\u00f6ffentlichen Sie keine vertraulichen Informationen oder Kontaktdaten.<\/p>\n\n\n\n<p><strong>4. L\u00f6schen von Beitr\u00e4gen<\/strong><\/p>\n\n\n\n<p>a) Wir sind rechtlich dazu verpflichtet, Kommentare, die gegen das Gesetz versto\u00dfen, zu l\u00f6schen, sobald wir von diesen Kommentaren Kenntnis erhalten. Wir behalten es uns aber auch vor, Beitr\u00e4ge, die nicht der Netiquette entsprechen oder dem Dialog nicht f\u00f6rderlich sind, zu l\u00f6schen. Es besteht kein Anspruch auf Ver\u00f6ffentlichung. Weitere Gr\u00fcnde, aus denen Beitr\u00e4ge gel\u00f6scht werden k\u00f6nnen:<\/p>\n\n\n\n<ul class=\"wp-block-list\"><li>Kommentare, die nicht in deutscher oder englischer Sprache verfasst sind<\/li><li>Maschinelles Hinterlassen von Kommentaren (Spam)<\/li><li>Nutzung als Werbefl\u00e4che f\u00fcr Webseiten<\/li><li>Kommerzielle oder private Angebote von Waren oder Dienstleistungen<\/li><li>Kommentare, die keinen Bezug zu dem jeweiligen Beitrag oder zu uns aufweisen (Off-Topic-Kommentare).<\/li><li>Verletzung von Rechten Dritter, einschlie\u00dflich Urheberrechten<\/li><li>Aufruf zu Demonstrationen und Kundgebungen<\/li><li>Politische oder rassistische \u00c4u\u00dferungen sowie jegliche Form von Hasspropaganda<\/li><li>Aufforderungen zu Gewalt gegen Personen, Institutionen oder Unternehmen<\/li><li>Pornografie<\/li><li>Beleidigungen und Entw\u00fcrdigungen in jeglicher Form<\/li><\/ul>\n\n\n\n<p>b) Sollten Sie einen Kommentar entdecken, der Ihrer Meinung nach gegen diese Blogregeln, gegen das Gesetz oder gegen Ihre eigenen Rechte verst\u00f6\u00dft, wenden Sie sich bitte umgehend per Email an uns: blog@calu.de<\/p>\n\n\n\n<p><strong>5. Haftungsausschluss<\/strong><\/p>\n\n\n\n<p>a) F\u00fcr die Richtigkeit und Vollst\u00e4ndigkeit unserer Beitr\u00e4ge \u00fcbernehmen wir keine Gew\u00e4hr.<\/p>\n\n\n\n<p>b) Die Kommentare zu unseren Beitr\u00e4gen spiegeln allein die Meinung einzelner Leser wider. Wir distanzieren uns ausdr\u00fccklich von allen abgegebenen Kommentaren. F\u00fcr deren Richtigkeit und die Vollst\u00e4ndigkeit der Inhalte \u00fcbernehmen wir ebenfalls keine Gew\u00e4hr. Auch f\u00fcr Richtigkeit, Vollst\u00e4ndigkeit und Inhalte von verlinkten Websites \u00fcbernehmen wir keinerlei Gew\u00e4hr.<\/p>\n\n\n\n<p><strong>6. Teilnahmebedingungen Gewinnspiele<\/strong><\/p>\n\n\n\n<p>a) Die Teilnahme am CALU-Gewinnspiel setzt die Zustimmung \u00a0zu den Teilnahmebedingungen voraus. Mit der Teilnahme an dem Gewinnspiel akzeptiert der Teilnehmer diese Teilnahmebedingungen. Calu ist eine Marke der GEFRO GmbH &amp; Co. KG. Die GEFRO GmbH &amp; Co. KG beh\u00e4lt sich das Recht vor, bei Versto\u00df gegen die Teilnahmebedingungen, Teilnehmer vom Gewinnspiel auszuschlie\u00dfen.<\/p>\n\n\n\n<p>b) Teilnehmer, die sich unerlaubter Hilfsmittel bedienen oder sich anderweitig durch Manipulation einen Vorteil verschaffen wollen, werden von der Teilnahme ausgeschlossen, der Gewinn wird nachtr\u00e4glich aberkannt und zur\u00fcckgefordert. Ausgeschlossen wird auch, wer unwahre Aussagen zu seiner Person macht.<\/p>\n\n\n\n<p>c) Teilnahmeberechtigt sind ausschlie\u00dflich vollj\u00e4hrige nat\u00fcrliche Personen mit einem st\u00e4ndigen Wohnsitz in Deutschland. Mitarbeiter der GEFRO GmbH &amp; Co. KG sowie deren Angeh\u00f6rige sind von der Teilnahme am Gewinnspiel ausgeschlossen.<\/p>\n\n\n\n<p>d) Die Teilnahme an dem Gewinnspiel ist kostenlos und es besteht kein Kaufzwang.<\/p>\n\n\n\n<p>e) Die GEFRO GmbH &amp; Co. KG beh\u00e4lt sich vor, die eingereichten Kommentare, Bilder, Namen und Geschichten der Teilnehmer im Weiteren auf dem Blog\u00a0www.calu.de\/blog\/ und der Website www.calu.de zu ver\u00f6ffentlichen.<\/p>\n\n\n\n<p>f) Die Gewinner des Gewinnspiels werden wie folgt ermittelt: Der Gewinner wird nach Ende des Gewinnspiels ermittelt. An der Auslosung nehmen jene Teilnehmer teil, die die Teilnahme-&nbsp;und Gewinnspielbedingungen vollst\u00e4ndig erf\u00fcllt haben. Die Ermittlung des Gewinners erfolgt per Zufallsziehung.<\/p>\n\n\n\n<p>g) Die Gewinner erhalten den abgebildeten Artikel. Sie bekommen eine schriftliche Benachrichtigung an die von ihnen \u00fcbermittelten Adressen. Meldet sich ein Gewinner nicht innerhalb von zwei Wochen nach Versenden der Benachrichtigung, verf\u00e4llt der Anspruch auf den Gewinn und es wird ein neuer Gewinner ausgelost. Ist auch dieser innerhalb von zwei Wochen nicht zu erreichen verf\u00e4llt der Preis endg\u00fcltig. F\u00fcr die Richtigkeit der angegebenen Daten&nbsp;ist der Teilnehmer verantwortlich. Die Bekanntgabe des Gewinners erfolgt ohne Gew\u00e4hr. Der Gewinn ist vom Umtausch ausgeschlossen und nicht auf Dritte \u00fcbertragbar. Die Barauszahlung des Gewinners ist ausgeschlossen.<\/p>\n\n\n\n<p>h) Die GEFRO GmbH &amp; Co. KG beh\u00e4lt sich das Recht vor, das Gewinnspiel zu jedem Zeitpunkt ohne Vorank\u00fcndigung zu beenden, wenn aus technischen oder rechtlichen Gr\u00fcnden eine ordnungsgem\u00e4\u00dfe Durchf\u00fchrung nicht gew\u00e4hrleistet werden kann.<\/p>\n\n\n\n<p>i) F\u00fcr das Gewinnspiel gelten die allgemeinen <a href=\"https:\/\/blogtest.calu.de\/blog\/?page_id=229\" target=\"_blank\" rel=\"noreferrer noopener\">Datenschutzrichtlinien<\/a> des Calu-Blogs.<\/p>\n\n\n\n<p>j) Sollten einzelne Bestimmungen dieser Teilnahmebedingungen unwirksam sein oder werden, so wird dadurch die Rechtswirksamkeit der \u00fcbrigen Bestimmungen nicht ber\u00fchrt. An ihre Stelle tritt eine angemessene Regelung, die dem Zweck der unwirksamen Bestimmung am ehesten entspricht.<\/p>\n\n\n\n<p>k) Der Rechtsweg ist ausgeschlossen.<\/p>\n","protected":false},"excerpt":{"rendered":"<p>Auf diesem Blog wollen wir mit Ihnen in direkten Kontakt treten. Darum freuen wir uns, wenn Sie rege an unseren Diskussionen teilnehmen und uns Ihre Meinung zu den verschiedenen Themen mitteilen. Wir w\u00fcnschen uns ein angenehmes Miteinander, bei dem sich alle mit Respekt begegnen. Darum m\u00f6chten wir Sie bitten, folgende Blogregeln zu beachten. 1. Moderation&hellip;<\/p>\n","protected":false},"author":3,"featured_media":0,"parent":0,"menu_order":0,"comment_status":"closed","ping_status":"closed","template":"","meta":{"footnotes":""},"class_list":["post-190","page","type-page","status-publish","hentry"],"_links":{"self":[{"href":"https:\/\/www.calu.de\/blog\/wp-json\/wp\/v2\/pages\/190","targetHints":{"allow":["GET"]}}],"collection":[{"href":"https:\/\/www.calu.de\/blog\/wp-json\/wp\/v2\/pages"}],"about":[{"href":"https:\/\/www.calu.de\/blog\/wp-json\/wp\/v2\/types\/page"}],"author":[{"embeddable":true,"href":"https:\/\/www.calu.de\/blog\/wp-json\/wp\/v2\/users\/3"}],"replies":[{"embeddable":true,"href":"https:\/\/www.calu.de\/blog\/wp-json\/wp\/v2\/comments?post=190"}],"version-history":[{"count":9,"href":"https:\/\/www.calu.de\/blog\/wp-json\/wp\/v2\/pages\/190\/revisions"}],"predecessor-version":[{"id":880,"href":"https:\/\/www.calu.de\/blog\/wp-json\/wp\/v2\/pages\/190\/revisions\/880"}],"wp:attachment":[{"href":"https:\/\/www.calu.de\/blog\/wp-json\/wp\/v2\/media?parent=190"}],"curies":[{"name":"wp","href":"https:\/\/api.w.org\/{rel}","templated":true}]}}